{"id":21,"date":"2022-02-02T11:03:46","date_gmt":"2022-02-02T11:03:46","guid":{"rendered":"https:\/\/menpieces.com\/?page_id=21"},"modified":"2022-03-21T07:32:15","modified_gmt":"2022-03-21T07:32:15","slug":"about-us","status":"publish","type":"page","link":"https:\/\/es.menpieces.com\/es\/about-us\/","title":{"rendered":"Sobre Nosotros"},"content":{"rendered":"<h3 id=\"men-pieces-hombres-y-moda-estilo-se-unen-por-ser-un-mejor-hombre\" style=\"text-align: center;\">Men Pieces &#8211; Hombres y Moda Estilo se unen por ser un mejor Hombre.<\/h3>\n<p><a href=\"https:\/\/menpieces.com\/\"><strong>MenPieces<\/strong><\/a> se trata de mejorar el estilo de moda de los hombres. Con la moda, simplemente queremos mostrar c\u00f3mo todo hombre debe disfrutar del lujo de verse bien y elegante mientras usa su ropa y accesorios. Queremos compartir c\u00f3mo los hombres deben vestirse seg\u00fan la edad, la ocasi\u00f3n, la temporada y la actividad que deseen realizar. Estar c\u00f3modo, seguro y elegante cuando te vistes es de lo que se trata la moda masculina.<\/p>\n<p><a href=\"https:\/\/menpieces.com\/\"><strong>MenPieces<\/strong><\/a> tiene como objetivo compartir el contenido de la moda y el estilo de vida de la ropa de los hombres sin que los hombres se confundan con su apariencia, ya que quieren probar nuevas piezas de moda. Abordaremos la \u00faltima moda masculina, las compras y c\u00f3mo mezclar y combinar lo que ya tienes en su guardarropa. No importa la edad que tengas, encontrar\u00e1s lo que realmente te conviene con solo explorar las opciones.<\/p>\n<p>Los art\u00edculos del blog de <a href=\"https:\/\/menpieces.com\/\"><em>MenPieces.com<\/em><\/a> presentar\u00e1n <em><strong>ropa<\/strong><\/em>, <em><strong>zapatos<\/strong><\/em>, <em><strong>relojes<\/strong><\/em>, <em><strong>accesorios<\/strong><\/em> y <em><strong>estilo cl\u00e1sicos para hombres<\/strong><\/em>. Mejoramos el estilo de los hombres y c\u00f3mo pueden estar c\u00f3modos y lucir elegantes con ropa, chaquetas, abrigos, camisas, pantalones, zapatos, relojes, bolsos, accesorios y m\u00e1s para hombres.<\/p>\n","protected":false},"excerpt":{"rendered":"<p>Men Pieces &#8211; Hombres y Moda Estilo se unen por ser un mejor Hombre. MenPieces se trata de mejorar el estilo de moda de los hombres. Con la moda, simplemente&hellip;<\/p>\n","protected":false},"author":1,"featured_media":0,"parent":0,"menu_order":0,"comment_status":"closed","ping_status":"closed","template":"","meta":{"footnotes":""},"class_list":["post-21","page","type-page","status-publish"],"_links":{"self":[{"href":"https:\/\/es.menpieces.com\/es\/wp-json\/wp\/v2\/pages\/21","targetHints":{"allow":["GET"]}}],"collection":[{"href":"https:\/\/es.menpieces.com\/es\/wp-json\/wp\/v2\/pages"}],"about":[{"href":"https:\/\/es.menpieces.com\/es\/wp-json\/wp\/v2\/types\/page"}],"author":[{"embeddable":true,"href":"https:\/\/es.menpieces.com\/es\/wp-json\/wp\/v2\/users\/1"}],"replies":[{"embeddable":true,"href":"https:\/\/es.menpieces.com\/es\/wp-json\/wp\/v2\/comments?post=21"}],"version-history":[{"count":4,"href":"https:\/\/es.menpieces.com\/es\/wp-json\/wp\/v2\/pages\/21\/revisions"}],"predecessor-version":[{"id":381,"href":"https:\/\/es.menpieces.com\/es\/wp-json\/wp\/v2\/pages\/21\/revisions\/381"}],"wp:attachment":[{"href":"https:\/\/es.menpieces.com\/es\/wp-json\/wp\/v2\/media?parent=21"}],"curies":[{"name":"wp","href":"https:\/\/api.w.org\/{rel}","templated":true}]}}